{"id":2,"date":"2016-05-10T03:48:21","date_gmt":"2016-05-10T03:48:21","guid":{"rendered":"http:\/\/www.sailam.de\/?page_id=2"},"modified":"2021-04-11T10:13:34","modified_gmt":"2021-04-11T10:13:34","slug":"sample-page","status":"publish","type":"page","link":"https:\/\/www.sailam.de\/","title":{"rendered":"Sail &#038; More"},"content":{"rendered":"<h1 style=\"text-align: center;\"><strong>Sail &amp; More<\/strong><\/h1>\n<p style=\"text-align: center;\"><strong>Homepage vom Skipper Marcus<br \/><\/strong><\/p>\n<p>Auf diesen Seite entsteht ein \u00dcberblick \u00fcber meine Segel und Taucherfahrungen&#8230;<\/p>\n<p>bitte etwas Geduld Updates Folgen.<\/p>\n<p>Segel T\u00f6rn Mallorca Ibiza Cabrerra<\/p>\n<p>Segelt\u00f6rn Caribik<\/p>\n<p><a href=\"http:\/\/www.sailam.de\/?p=186\">Segelt\u00f6rn Mallorca Ibiza Formentera<\/a><\/p>\n<p>\u00a0<\/p>\n\n\n<p><\/p>\n","protected":false},"excerpt":{"rendered":"<p>Sail &amp; More Homepage vom Skipper Marcus Auf diesen Seite entsteht ein \u00dcberblick \u00fcber meine Segel und Taucherfahrungen&#8230; bitte etwas Geduld Updates Folgen. Segel T\u00f6rn Mallorca Ibiza Cabrerra Segelt\u00f6rn Caribik Segelt\u00f6rn Mallorca Ibiza Formentera \u00a0<\/p>\n","protected":false},"author":1,"featured_media":0,"parent":0,"menu_order":0,"comment_status":"open","ping_status":"open","template":"","meta":{"footnotes":""},"class_list":["post-2","page","type-page","status-publish","hentry"],"_links":{"self":[{"href":"https:\/\/www.sailam.de\/index.php?rest_route=\/wp\/v2\/pages\/2","targetHints":{"allow":["GET"]}}],"collection":[{"href":"https:\/\/www.sailam.de\/index.php?rest_route=\/wp\/v2\/pages"}],"about":[{"href":"https:\/\/www.sailam.de\/index.php?rest_route=\/wp\/v2\/types\/page"}],"author":[{"embeddable":true,"href":"https:\/\/www.sailam.de\/index.php?rest_route=\/wp\/v2\/users\/1"}],"replies":[{"embeddable":true,"href":"https:\/\/www.sailam.de\/index.php?rest_route=%2Fwp%2Fv2%2Fcomments&post=2"}],"version-history":[{"count":9,"href":"https:\/\/www.sailam.de\/index.php?rest_route=\/wp\/v2\/pages\/2\/revisions"}],"predecessor-version":[{"id":218,"href":"https:\/\/www.sailam.de\/index.php?rest_route=\/wp\/v2\/pages\/2\/revisions\/218"}],"wp:attachment":[{"href":"https:\/\/www.sailam.de\/index.php?rest_route=%2Fwp%2Fv2%2Fmedia&parent=2"}],"curies":[{"name":"wp","href":"https:\/\/api.w.org\/{rel}","templated":true}]}}